{"id":165,"date":"2019-11-27T21:27:59","date_gmt":"2019-11-27T21:27:59","guid":{"rendered":"https:\/\/www.agrecolandes.org\/solidagro\/?page_id=165"},"modified":"2021-12-09T17:41:51","modified_gmt":"2021-12-09T17:41:51","slug":"publicaciones","status":"publish","type":"page","link":"https:\/\/www.agrecolandes.org\/solidagro\/publicaciones\/","title":{"rendered":"Publicaciones"},"content":{"rendered":"\n<h4 class=\"wp-block-heading\">Fundaci\u00f3n AGRECOL Andes<\/h4>\n\n\n\n<p><strong>Materiales educativos:<\/strong><\/p>\n\n\n\n<p style=\"font-size:12px\"><a href=\"https:\/\/www.agrecolandes.org\/wp-content\/uploads\/2020\/08\/l%C3%A1minas-cuaderno.pdf\" target=\"_blank\" rel=\"noreferrer noopener\" aria-label=\" (abre en una nueva pesta\u00f1a)\">L\u00e1minas did\u00e1cticas escolares sobre producci\u00f3n ecol\u00f3gica, recarga h\u00eddrica y alimentaci\u00f3n saludable<\/a><\/p>\n\n\n\n<p style=\"font-size:12px\"> <a href=\"https:\/\/www.agrecolandes.org\/wp-content\/uploads\/2020\/08\/Secundaria.pdf\" target=\"_blank\" rel=\"noreferrer noopener\" aria-label=\" (abre en una nueva pesta\u00f1a)\">Aprendamos Jugando. Cartilla educativa para estudiantes &#8211; Nivel Secundaria<\/a> <\/p>\n\n\n\n<p style=\"font-size:12px\"> <a href=\"https:\/\/www.agrecolandes.org\/wp-content\/uploads\/2020\/08\/Primaria-opt.pdf\">Aprendamos Jugando. Cartilla educativa para estudiantes &#8211; Nivel Primaria <\/a>  <\/p>\n\n\n\n<p><strong>Boletines y otras publicaciones:<\/strong><\/p>\n\n\n\n<p style=\"font-size:12px\"><a rel=\"noreferrer noopener\" aria-label=\" (abre en una nueva pesta\u00f1a)\" href=\"https:\/\/www.agrecolandes.org\/wp-content\/uploads\/2020\/02\/Boletin-5-peq.pdf\" target=\"_blank\">Bolet\u00edn: Gu\u00eda para estimar el beneficio h\u00eddrico con pr\u00e1cticas agr\u00edcolas y no agr\u00edcolas<\/a><\/p>\n\n\n\n<p style=\"font-size:12px\"><a href=\"https:\/\/www.agrecolandes.org\/wp-content\/uploads\/2020\/02\/Boleti%CC%81n-N%C2%BA7-Cuidados-agua-peq.pdf\" target=\"_blank\" rel=\"noreferrer noopener\" aria-label=\" (abre en una nueva pesta\u00f1a)\">Bolet\u00edn: Cuidemos el agua: Informaci\u00f3n, reflexi\u00f3n,  sensibilizaci\u00f3n y motivaci\u00f3n para la acci\u00f3n<\/a><\/p>\n\n\n\n<p style=\"font-size:12px\"><a href=\"http:\/\/www.agrecolandes.org\/wp-content\/uploads\/2019\/02\/Bolet%C3%ADn-3.-Propuestas-para-Recarga-Hi%CC%81drica.pdf\" target=\"_blank\" rel=\"noreferrer noopener\" aria-label=\" (abre en una nueva pesta\u00f1a)\">Bolet\u00edn: Propuestas para la protecci\u00f3n de zonas de recarga h\u00eddrica en nuestras comunidades<\/a> <\/p>\n\n\n\n<p style=\"font-size:12px\"> <a href=\"https:\/\/www.agrecolandes.org\/solidagro\/wp-content\/uploads\/2019\/11\/boletin-agrecol-ULT-opt.pdf\" target=\"_blank\" rel=\"noreferrer noopener\" aria-label=\" (abre en una nueva pesta\u00f1a)\">Bolet\u00edn: Protegiendo nuestras \u00e1reas de recarga h\u00eddrica y fuentes de agua<\/a> <\/p>\n\n\n\n<p style=\"font-size:12px\"><a href=\"https:\/\/www.agrecolandes.org\/solidagro\/wp-content\/uploads\/2019\/11\/Cuadriptico-Conociendo-el-sello-de-Producci%C3%B3n-Ecol%C3%B3gica.pdf\">Cuadr\u00edptico: Conociendo el sello de producci\u00f3n ecol\u00f3gica &#8211; SPG<\/a><\/p>\n\n\n\n<p style=\"font-size:12px\"><a rel=\"noreferrer noopener\" aria-label=\" (abre en una nueva pesta\u00f1a)\" href=\"https:\/\/www.agrecolandes.org\/wp-content\/uploads\/2020\/02\/Cartilla-Gobernanza-del-Agua-peq.pdf\" target=\"_blank\">Cartilla: Hacia la Construcci\u00f3n de la Gobernanza del Agua<\/a> <\/p>\n\n\n\n<p style=\"font-size:12px\"><a href=\"https:\/\/www.agrecolandes.org\/wp-content\/uploads\/2019\/02\/MEMORIA-SEMBRADORES-DE-AGUA-Bolivia.pdf\">\ufeffMemoria del 1er. Encuentro Ecocultural Intercultura<\/a><strong><a href=\"https:\/\/www.agrecolandes.org\/wp-content\/uploads\/2019\/02\/MEMORIA-SEMBRADORES-DE-AGUA-Bolivia.pdf\">l<\/a><\/strong><\/p>\n\n\n\n<h4 class=\"wp-block-heading\">ONG Aynisuyu<\/h4>\n\n\n\n<p><strong>Cartillas:<\/strong><\/p>\n\n\n\n<p style=\"font-size:12px\"><a href=\"https:\/\/www.agrecolandes.org\/solidagro\/wp-content\/uploads\/2021\/12\/Cartilla-Normativa-Municipal-peq.pdf\" target=\"_blank\" rel=\"noreferrer noopener\" aria-label=\"Normativa municipal de siembra del agua (abre en una nueva pesta\u00f1a)\">Normativa municipal de siembra del agua<\/a><\/p>\n\n\n\n<p style=\"font-size:12px\"><a href=\"https:\/\/www.agrecolandes.org\/solidagro\/wp-content\/uploads\/2021\/12\/Cartilla-FINAL-Tierra-y-Agua-Marzo-2020-liviano-peq.pdf\" target=\"_blank\" rel=\"noreferrer noopener\" aria-label=\"Tierra y agua: las dos caras de la libertad (abre en una nueva pesta\u00f1a)\">Tierra y agua: las dos caras de la libertad<\/a><\/p>\n\n\n\n<p style=\"font-size:12px\"><a href=\"https:\/\/www.agrecolandes.org\/solidagro\/wp-content\/uploads\/2021\/12\/Cartilla-Huertos-Familiares-peq.pdf\" target=\"_blank\" rel=\"noreferrer noopener\" aria-label=\"Gesti\u00f3n de huertos hortofrut\u00edcolas agroecol\u00f3gicos (abre en una nueva pesta\u00f1a)\">Gesti\u00f3n de huertos hortofrut\u00edcolas agroecol\u00f3gicos<\/a><\/p>\n\n\n\n<p style=\"font-size:12px\"><a href=\"https:\/\/www.agrecolandes.org\/solidagro\/wp-content\/uploads\/2021\/12\/Cartilla-Recetario-Gu\u00eda-peq.pdf\" target=\"_blank\" rel=\"noreferrer noopener\" aria-label=\"Recetario gu\u00eda para una alimentaci\u00f3n complementaria escolar de calidad adaptado a la cultura alimentaria quechua (abre en una nueva pesta\u00f1a)\">Recetario gu\u00eda para una alimentaci\u00f3n complementaria escolar de calidad adaptado a la cultura alimentaria quechua<\/a><\/p>\n\n\n\n<p style=\"font-size:12px\"><a href=\"https:\/\/www.agrecolandes.org\/solidagro\/wp-content\/uploads\/2021\/12\/Cartilla-Cocinas-Mejoradas-2-peq.pdf\" target=\"_blank\" rel=\"noreferrer noopener\" aria-label=\"Cocinas mejoradas saludables  (abre en una nueva pesta\u00f1a)\">Cocinas mejoradas saludables <\/a><\/p>\n","protected":false},"excerpt":{"rendered":"<p>Fundaci\u00f3n AGRECOL Andes Materiales educativos: L\u00e1minas did\u00e1cticas escolares sobre producci\u00f3n ecol\u00f3gica, recarga h\u00eddrica y alimentaci\u00f3n saludable Aprendamos Jugando. Cartilla educativa para estudiantes &#8211; Nivel Secundaria Aprendamos Jugando. Cartilla educativa para estudiantes &#8211; Nivel Primaria Boletines y otras publicaciones: Bolet\u00edn: Gu\u00eda para estimar el beneficio h\u00eddrico con pr\u00e1cticas agr\u00edcolas y no &#8230;<\/p>\n","protected":false},"author":1,"featured_media":0,"parent":0,"menu_order":4,"comment_status":"closed","ping_status":"closed","template":"","meta":{"footnotes":""},"_links":{"self":[{"href":"https:\/\/www.agrecolandes.org\/solidagro\/wp-json\/wp\/v2\/pages\/165"}],"collection":[{"href":"https:\/\/www.agrecolandes.org\/solidagro\/wp-json\/wp\/v2\/pages"}],"about":[{"href":"https:\/\/www.agrecolandes.org\/solidagro\/wp-json\/wp\/v2\/types\/page"}],"author":[{"embeddable":true,"href":"https:\/\/www.agrecolandes.org\/solidagro\/wp-json\/wp\/v2\/users\/1"}],"replies":[{"embeddable":true,"href":"https:\/\/www.agrecolandes.org\/solidagro\/wp-json\/wp\/v2\/comments?post=165"}],"version-history":[{"count":12,"href":"https:\/\/www.agrecolandes.org\/solidagro\/wp-json\/wp\/v2\/pages\/165\/revisions"}],"predecessor-version":[{"id":409,"href":"https:\/\/www.agrecolandes.org\/solidagro\/wp-json\/wp\/v2\/pages\/165\/revisions\/409"}],"wp:attachment":[{"href":"https:\/\/www.agrecolandes.org\/solidagro\/wp-json\/wp\/v2\/media?parent=165"}],"curies":[{"name":"wp","href":"https:\/\/api.w.org\/{rel}","templated":true}]}}